{"id":6,"date":"2018-06-12T07:43:16","date_gmt":"2018-06-12T07:43:16","guid":{"rendered":"http:\/\/sw-themes.com\/porto_dummy\/?page_id=6"},"modified":"2021-08-06T19:14:43","modified_gmt":"2021-08-06T19:14:43","slug":"anasayfa","status":"publish","type":"page","link":"https:\/\/www.otoon.com.tr\/","title":{"rendered":"Anasayfa"},"content":{"rendered":"<p>[vc_row full_width=&#8221;stretch_row_content_no_spaces&#8221; el_id=&#8221;home&#8221;][vc_column][rev_slider_vc alias=&#8221;home-one-page&#8221; el_class=&#8221;m-b-none&#8221;][\/vc_column][\/vc_row][vc_row wrap_container=&#8221;yes&#8221; css=&#8221;.vc_custom_1599936267908{padding-top: 80px !important;padding-bottom: 50px !important;}&#8221; el_id=&#8221;kurumsal&#8221;][vc_column width=&#8221;1\/2&#8243;][vc_custom_heading text=&#8221;Kurumsal&#8221; font_container=&#8221;tag:h2|text_align:left|color:%230a0a0a&#8221; use_theme_fonts=&#8221;yes&#8221;][vc_column_text]Oto10 Gen\u00e7 ve dinamik kurumsal yap\u0131lanmay\u0131 ge\u00e7mi\u015ften g\u00fcn\u00fcm\u00fcze gelen esnaf tecr\u00fcbesiyle birle\u015ftirerek de\u011ferli m\u00fc\u015fterilerimizin hizmetini verdi\u011fimiz sekt\u00f6rler i\u00e7erisinde ki taleplerini en do\u011fru fiyat ve s\u00fcrat ile kar\u015f\u0131lamay\u0131 prensip edinerek faaliyetine ba\u015flam\u0131\u015ft\u0131r.<\/p>\n<p>Oto 10; oto yedek par\u00e7a, yaz\u0131l\u0131m &#8211; otomasyon, elektrik &#8211; elektronik ve \u00e7evre teknolojileri sekt\u00f6rlerinde hizmet vermektedir.[\/vc_column_text][\/vc_column][vc_column width=&#8221;1\/2&#8243;][vc_single_image image=&#8221;834&#8243; img_size=&#8221;full&#8221;][\/vc_column][\/vc_row][vc_row wrap_container=&#8221;yes&#8221; is_section=&#8221;yes&#8221; section_skin=&#8221;primary&#8221; remove_margin_top=&#8221;yes&#8221; remove_margin_bottom=&#8221;yes&#8221; remove_border=&#8221;yes&#8221; el_id=&#8221;hizmetler&#8221; css=&#8221;.vc_custom_1599936283245{padding-top: 90px !important;}&#8221;][vc_column]<div class=\"porto-u-heading\" data-hspacer=\"no_spacer\" data-halign=\"center\" style=\"text-align:center\" data-appear-animation=\"fadeInUp\"><div class=\"porto-u-main-heading\"><h2 style=\"font-weight:700;color:#ffffff;margin-bottom: 10px;font-size:30px;\">H\u0130ZMETLER\u0130M\u0130Z<\/h2><\/div><div class=\"porto-u-sub-heading\" style=\"color: rgba(255,255,255,0.7);margin-bottom:60px;\">BA\u015eLICA SEKT\u00d6REL H\u0130ZMETLER\u0130M\u0130Z\u0130 \u0130NCELEYEB\u0130L\u0130R B\u0130Z\u0130MLE \u0130LET\u0130\u015e\u0130ME GE\u00c7EB\u0130L\u0130RS\u0130N\u0130Z<\/div><\/div>[vc_row_inner][vc_column_inner width=&#8221;1\/4&#8243; animation_delay=&#8221;400&#8243; animation_type=&#8221;fadeInUp&#8221;][vc_single_image image=&#8221;856&#8243; img_size=&#8221;200&#215;200&#8243; alignment=&#8221;center&#8221;][vc_custom_heading text=&#8221;OTO YEDEK PAR\u00c7A&#8221; font_container=&#8221;tag:h3|text_align:center&#8221; use_theme_fonts=&#8221;yes&#8221;][vc_column_text]<\/p>\n<p style=\"text-align: center;\">T\u00fcm marka ve model ara\u00e7lar\u0131n\u0131z i\u00e7in arad\u0131\u011f\u0131n\u0131z yedek par\u00e7alar oto10 da. Bizi arayabilir, mesaj g\u00f6nderebilir veya online sat\u0131\u015f d\u00fckkanlar\u0131m\u0131zdan \u00fcr\u00fcn alabilirsiniz.<\/p>\n<p>[\/vc_column_text][\/vc_column_inner][vc_column_inner width=&#8221;1\/4&#8243; animation_delay=&#8221;300&#8243; animation_type=&#8221;fadeInUp&#8221;][vc_single_image image=&#8221;862&#8243; img_size=&#8221;200&#215;200&#8243; alignment=&#8221;center&#8221;][vc_custom_heading text=&#8221;YAZILIM&#8221; font_container=&#8221;tag:h3|text_align:center&#8221; use_theme_fonts=&#8221;yes&#8221;][vc_column_text]<\/p>\n<p style=\"text-align: center;\">\u00c7evre teknolojileri yaz\u0131l\u0131m , elektrik elektronik otomasyon sistemleri, otomotiv sekt\u00f6r\u00fc yaz\u0131l\u0131m ve elektronik devre tasar\u0131m\u0131 hizmetleri.<\/p>\n<p>[\/vc_column_text][\/vc_column_inner][vc_column_inner width=&#8221;1\/4&#8243; animation_delay=&#8221;200&#8243; animation_type=&#8221;fadeInUp&#8221;][vc_single_image image=&#8221;866&#8243; img_size=&#8221;200&#215;200&#8243; alignment=&#8221;center&#8221;][vc_custom_heading text=&#8221;ELEKTR\u0130K ELEKTRON\u0130K&#8221; font_container=&#8221;tag:h3|text_align:center&#8221; use_theme_fonts=&#8221;yes&#8221;][vc_column_text]<\/p>\n<p style=\"text-align: center;\">End\u00fcstriyel ve mesken elektrik tesisat\u0131 taahh\u00fct i\u015fleri. Yenilenebilir enerji kaynaklar\u0131(r\u00fczgar ve g\u00fcne\u015f elektrik \u00fcretim sistemleri) kurulum, i\u015fletme ve dan\u0131\u015fmanl\u0131k hizmetleri.<\/p>\n<p>[\/vc_column_text][\/vc_column_inner][vc_column_inner width=&#8221;1\/4&#8243; animation_delay=&#8221;100&#8243; animation_type=&#8221;fadeInUp&#8221;][vc_single_image image=&#8221;864&#8243; img_size=&#8221;200&#215;200&#8243; alignment=&#8221;center&#8221;][vc_custom_heading text=&#8221;\u00c7EVRE TEKNOLOJ\u0130LER\u0130&#8221; font_container=&#8221;tag:h3|text_align:center&#8221; use_theme_fonts=&#8221;yes&#8221;][vc_column_text]<\/p>\n<p style=\"text-align: center;\">\u0130\u00e7me ve kullanma suyu,atik su ar\u0131t\u0131m filtrasyon sistemleri, ileri ar\u0131tma teknolojileri, kurulum i\u015fletme ve dan\u0131\u015fmanl\u0131k hizmetleri.<\/p>\n<p>[\/vc_column_text][\/vc_column_inner][\/vc_row_inner][\/vc_column][\/vc_row][vc_row wrap_container=&#8221;yes&#8221; bg_image_size=&#8221;initial&#8221; css=&#8221;.vc_custom_1599936299874{padding-top: 80px !important;padding-bottom: 60px !important;background-image: url(\/\/sw-themes.com\/porto_dummy\/wp-content\/uploads\/2018\/12\/bg-one-page-1-1.jpg?id=813) !important;background-position: center !important;background-repeat: no-repeat !important;background-size: cover !important;}&#8221; el_id=&#8221;\u00fcr\u00fcnler&#8221;][vc_column]<div class=\"porto-u-heading\" data-hspacer=\"no_spacer\" data-halign=\"center\" style=\"text-align:center\"><div class=\"porto-u-main-heading\"><h2 style=\"font-weight:700;color:#ffffff;margin-bottom: 10px;font-size:30px;\">ONL\u0130NE \u00dcR\u00dcN SATIN ALIN<\/h2><\/div><div class=\"porto-u-sub-heading\" style=\"color: rgba(255,255,255,0.7);margin-bottom:60px;\">ONLINE PLATFORMLARDAK\u0130 \u00dcR\u00dcNLER\u0130M\u0130Z\u0130 \u0130NCELEYEB\u0130L\u0130R, B\u0130LG\u0130 ALAB\u0130L\u0130R, B\u0130Z\u0130MLE \u0130LET\u0130\u015e\u0130ME GE\u00c7EB\u0130L\u0130R VE \u00dcR\u00dcNLER\u0130N\u0130Z\u0130 EN UYGUN F\u0130YAT VE HIZLI \u015eEK\u0130LDE SATIN ALAB\u0130L\u0130RS\u0130N\u0130Z.<\/div><\/div>[\/vc_column][vc_column width=&#8221;1\/2&#8243;][vc_single_image image=&#8221;845&#8243; img_size=&#8221;large&#8221; alignment=&#8221;center&#8221; style=&#8221;vc_box_shadow_border&#8221; onclick=&#8221;custom_link&#8221; link=&#8221;https:\/\/www.n11.com\/magaza\/otoon?pg=2&#8243; label=&#8221;&#8221;][\/vc_column][vc_column width=&#8221;1\/2&#8243;][vc_single_image image=&#8221;895&#8243; img_size=&#8221;large&#8221; alignment=&#8221;center&#8221; style=&#8221;vc_box_shadow_border&#8221; onclick=&#8221;custom_link&#8221; link=&#8221;https:\/\/www.trendyol.com\/magaza\/otoon-elektronik-cevre-yazilim-otomotiv-m-343368?sst=0&#8243; label=&#8221;&#8221;][\/vc_column][\/vc_row][vc_row content_placement=&#8221;middle&#8221; no_padding=&#8221;yes&#8221; el_id=&#8221;ileti\u015fim&#8221; css=&#8221;.vc_custom_1599936313200{background-color: #f7f7f7 !important;}&#8221;][vc_column width=&#8221;1\/2&#8243;][vc_gmaps link=&#8221;#E-8_JTNDaWZyYW1lJTIwc3JjJTNEJTIyaHR0cHMlM0ElMkYlMkZ3d3cuZ29vZ2xlLmNvbSUyRm1hcHMlMkZlbWJlZCUzRnBiJTNEJTIxMW0xOCUyMTFtMTIlMjExbTMlMjExZDMwNzEuMzg3MzY2NTEyNTI1JTIxMmQyNy45MTM3NDI1MTUzNzMyNSUyMTNkMzkuNjYzNTAwMDc5NDU5ODglMjEybTMlMjExZjAlMjEyZjAlMjEzZjAlMjEzbTIlMjExaTEwMjQlMjEyaTc2OCUyMTRmMTMuMSUyMTNtMyUyMTFtMiUyMTFzMHgxNGI2ZmZmY2Y4M2UyOTFkJTI1M0EweGY1MjNlZWVlMjIxNDlkNzIlMjEyc1BhJTI1QzUlMjU5RmElMjUyMEFsYW4lMjVDNCUyNUIxJTI1MkMlMjUyMEN1bWh1cml5ZXQlMjUyMENkLiUyNTIwTm8lMjUzQTY1JTI1MkMlMjUyMDEwMDIwJTI1MjBHYXppb3NtYW5wYSUyNUM1JTI1OUZhJTI1MjBPc2IlMjUyRkthcmVzaSUyNTJGQmFsJTI1QzQlMjVCMWtlc2lyJTIxNWUwJTIxM20yJTIxMXN0ciUyMTJzdHIlMjE0djE1OTkwNzY4NjkxODMlMjE1bTIlMjExc3RyJTIxMnN0ciUyMiUyMHdpZHRoJTNEJTIyNjAwJTIyJTIwaGVpZ2h0JTNEJTIyNDUwJTIyJTIwZnJhbWVib3JkZXIlM0QlMjIwJTIyJTIwc3R5bGUlM0QlMjJib3JkZXIlM0EwJTNCJTIyJTIwYWxsb3dmdWxsc2NyZWVuJTNEJTIyJTIyJTIwYXJpYS1oaWRkZW4lM0QlMjJmYWxzZSUyMiUyMHRhYmluZGV4JTNEJTIyMCUyMiUzRSUzQyUyRmlmcmFtZSUzRQ==&#8221;][\/vc_column][vc_column width=&#8221;1\/2&#8243; css=&#8221;.vc_custom_1545570526265{padding-top: 30px !important;padding-bottom: 30px !important;}&#8221; offset=&#8221;vc_col-md-5&#8243; el_class=&#8221;px-4 pl-lg-5 ml-lg-4&#8243;]<div role=\"form\" class=\"wpcf7\" id=\"wpcf7-f74-o1\" lang=\"en-US\" dir=\"ltr\">\n<div class=\"screen-reader-response\" role=\"alert\" aria-live=\"polite\"><\/div>\n<form action=\"\/index.php?rest_route=%2Fwp%2Fv2%2Fpages%2F6#wpcf7-f74-o1\" method=\"post\" class=\"wpcf7-form init\" novalidate=\"novalidate\">\n<div style=\"display: none;\">\n<input type=\"hidden\" name=\"_wpcf7\" value=\"74\" \/>\n<input type=\"hidden\" name=\"_wpcf7_version\" value=\"5.2.2\" \/>\n<input type=\"hidden\" name=\"_wpcf7_locale\" value=\"en_US\" \/>\n<input type=\"hidden\" name=\"_wpcf7_unit_tag\" value=\"wpcf7-f74-o1\" \/>\n<input type=\"hidden\" name=\"_wpcf7_container_post\" value=\"0\" \/>\n<input type=\"hidden\" name=\"_wpcf7_posted_data_hash\" value=\"\" \/>\n<\/div>\n<h2 class=\"mb-2 font-weight-bold\">\u0130LET\u0130\u015e\u0130M FORMU<\/h2>\n<p class=\"mb-4\">B\u0130ZE YAZIN<\/p>\n<div class=\"row form-row\">\n<div class=\"col-lg-4\">\n<div class=\"form-group\">\n            <span class=\"wpcf7-form-control-wrap your-name\"><input type=\"text\" name=\"your-name\" value=\"\" size=\"40\" class=\"wpcf7-form-control wpcf7-text wpcf7-validates-as-required form-control\" id=\"contact-name\" aria-required=\"true\" aria-invalid=\"false\" placeholder=\"Ad\u0131n\u0131z\" \/><\/span>\n        <\/div><\/div>\n<div class=\"col-lg-8\">\n<div class=\"form-group\">\n            <span class=\"wpcf7-form-control-wrap your-email\"><input type=\"email\" name=\"your-email\" value=\"\" size=\"40\" class=\"wpcf7-form-control wpcf7-text wpcf7-email wpcf7-validates-as-required wpcf7-validates-as-email form-control\" id=\"contact-email\" aria-required=\"true\" aria-invalid=\"false\" placeholder=\"Mail Adresiniz\" \/><\/span>\n        <\/div><\/div>\n<div class=\"col-lg-12\">\n<div class=\"form-group\">\n            <span class=\"wpcf7-form-control-wrap your-subject\"><input type=\"text\" name=\"your-subject\" value=\"\" size=\"40\" class=\"wpcf7-form-control wpcf7-text form-control\" id=\"contact-subject\" aria-invalid=\"false\" placeholder=\"Konu\" \/><\/span>\n        <\/div><\/div>\n<div class=\"col-lg-12\">\n<div class=\"form-group\">\n            <span class=\"wpcf7-form-control-wrap your-message\"><textarea name=\"your-message\" cols=\"40\" rows=\"5\" class=\"wpcf7-form-control wpcf7-textarea form-control\" id=\"contact-message\" aria-invalid=\"false\" placeholder=\"Mesaj\u0131n\u0131z\"><\/textarea><\/span>\n        <\/div><\/div>\n<div class=\"col-lg-12\">\n<div class=\"form-group\">\n            <input type=\"submit\" value=\"G\u00f6nder\" class=\"wpcf7-form-control wpcf7-submit btn btn-primary btn-full-rounded font-weight-semibold px-5 btn-modern font-size-sm\" \/>\n        <\/div><\/div>\n<\/div>\n<div class=\"wpcf7-response-output\" role=\"alert\" aria-hidden=\"true\"><\/div><\/form><\/div>[\/vc_column][\/vc_row][vc_row wrap_container=&#8221;yes&#8221; text_align=&#8221;center&#8221; is_section=&#8221;yes&#8221; section_skin=&#8221;primary&#8221; remove_margin_top=&#8221;yes&#8221; remove_margin_bottom=&#8221;yes&#8221; remove_border=&#8221;yes&#8221; el_class=&#8221;footer-top-contact-us&#8221;][vc_column]<div class=\"porto-sicon-box style_1 default-icon\"><div class=\"porto-sicon-default\"><div id=\"porto-icon-152487814869db5e290d0cd\" class=\"porto-just-icon-wrapper\" style=\"text-align:center;\"><div class=\"porto-icon none\" data-appear-animation=\"fadeInLeft\" style=\"color:#ffffff;font-size:27px;display:inline-block;\"><i class=\"Simple-Line-Icons-location-pin\"><\/i><\/div><\/div><\/div><div class=\"porto-sicon-header\" ><h5 class=\"porto-sicon-title\" style=\"font-weight:300;font-size:14px;line-height:16px;color:rgba(255,255,255,0.7);\">ADDRES<\/h5><p style=\"font-weight:600;font-size:14px;color:#ffffff;\">Pa\u015faalani Mah Cumhuriyet CAD No:65 karesi Bal\u0131kesir<\/p><\/div> <!-- header --><\/div><!-- porto-sicon-box --><div class=\"porto-sicon-box style_1 default-icon\"><div class=\"porto-sicon-default\"><div id=\"porto-icon-120810350569db5e290d60b\" class=\"porto-just-icon-wrapper\" style=\"text-align:center;\"><div class=\"porto-icon none\" data-appear-animation=\"fadeInLeft\" style=\"color:#ffffff;font-size:27px;display:inline-block;\"><i class=\"Simple-Line-Icons-call-out\"><\/i><\/div><\/div><\/div><div class=\"porto-sicon-header\" ><h5 class=\"porto-sicon-title\" style=\"font-weight:300;font-size:14px;line-height:16px;color:rgba(255,255,255,0.7);\">TELEFON<\/h5><p style=\"font-weight:600;font-size:14px;color:#ffffff;\">+90 555 252 42 55<\/p><\/div> <!-- header --><\/div><!-- porto-sicon-box --><div class=\"porto-sicon-box style_1 default-icon\"><div class=\"porto-sicon-default\"><div id=\"porto-icon-180412315469db5e290da19\" class=\"porto-just-icon-wrapper\" style=\"text-align:center;\"><div class=\"porto-icon none\" data-appear-animation=\"fadeInLeft\" style=\"color:#ffffff;font-size:27px;display:inline-block;\"><i class=\"porto-icon-mail-alt\"><\/i><\/div><\/div><\/div><div class=\"porto-sicon-header\" ><h5 class=\"porto-sicon-title\" style=\"font-weight:300;font-size:14px;line-height:16px;color:rgba(255,255,255,0.7);\">E-MAIL<\/h5><p style=\"font-weight:600;font-size:14px;color:#ffffff;\">info@otoon.com.tr<\/p><\/div> <!-- header --><\/div><!-- porto-sicon-box -->[\/vc_column][\/vc_row]<\/p>\n","protected":false},"excerpt":{"rendered":"<p>[vc_row full_width=&#8221;stretch_row_content_no_spaces&#8221; el_id=&#8221;home&#8221;][vc_column][rev_slider_vc alias=&#8221;home-one-page&#8221; el_class=&#8221;m-b-none&#8221;][\/vc_column][\/vc_row][vc_row wrap_container=&#8221;yes&#8221; css=&#8221;.vc_custom_1599936267908{padding-top: 80px !important;padding-bottom: 50px !important;}&#8221; el_id=&#8221;kurumsal&#8221;][vc_column width=&#8221;1\/2&#8243;][vc_custom_heading text=&#8221;Kurumsal&#8221; font_container=&#8221;tag:h2|text_align:left|color:%230a0a0a&#8221; use_theme_fonts=&#8221;yes&#8221;][vc_column_text]Oto10 Gen\u00e7 ve dinamik kurumsal yap\u0131lanmay\u0131 ge\u00e7mi\u015ften g\u00fcn\u00fcm\u00fcze gelen esnaf tecr\u00fcbesiyle birle\u015ftirerek de\u011ferli m\u00fc\u015fterilerimizin hizmetini verdi\u011fimiz sekt\u00f6rler i\u00e7erisinde ki taleplerini en do\u011fru fiyat ve s\u00fcrat ile kar\u015f\u0131lamay\u0131 prensip edinerek faaliyetine ba\u015flam\u0131\u015ft\u0131r. Oto 10; oto yedek par\u00e7a, yaz\u0131l\u0131m &#8211; otomasyon, elektrik [&hellip;]<\/p>\n","protected":false},"author":1,"featured_media":0,"parent":0,"menu_order":0,"comment_status":"closed","ping_status":"closed","template":"","meta":[],"_links":{"self":[{"href":"https:\/\/www.otoon.com.tr\/index.php?rest_route=\/wp\/v2\/pages\/6"}],"collection":[{"href":"https:\/\/www.otoon.com.tr\/index.php?rest_route=\/wp\/v2\/pages"}],"about":[{"href":"https:\/\/www.otoon.com.tr\/index.php?rest_route=\/wp\/v2\/types\/page"}],"author":[{"embeddable":true,"href":"https:\/\/www.otoon.com.tr\/index.php?rest_route=\/wp\/v2\/users\/1"}],"replies":[{"embeddable":true,"href":"https:\/\/www.otoon.com.tr\/index.php?rest_route=%2Fwp%2Fv2%2Fcomments&post=6"}],"version-history":[{"count":36,"href":"https:\/\/www.otoon.com.tr\/index.php?rest_route=\/wp\/v2\/pages\/6\/revisions"}],"predecessor-version":[{"id":896,"href":"https:\/\/www.otoon.com.tr\/index.php?rest_route=\/wp\/v2\/pages\/6\/revisions\/896"}],"wp:attachment":[{"href":"https:\/\/www.otoon.com.tr\/index.php?rest_route=%2Fwp%2Fv2%2Fmedia&parent=6"}],"curies":[{"name":"wp","href":"https:\/\/api.w.org\/{rel}","templated":true}]}}